{"id":5171,"date":"2022-12-19T09:23:47","date_gmt":"2022-12-19T08:23:47","guid":{"rendered":"https:\/\/foldecor.pl\/o-nas\/"},"modified":"2023-08-09T17:39:58","modified_gmt":"2023-08-09T15:39:58","slug":"ueber-uns","status":"publish","type":"page","link":"https:\/\/foldecor.pl\/de\/ueber-uns\/","title":{"rendered":"\u00fcber uns"},"content":{"rendered":"","protected":false},"excerpt":{"rendered":"","protected":false},"author":1,"featured_media":0,"parent":0,"menu_order":0,"comment_status":"closed","ping_status":"closed","template":"","meta":{"inline_featured_image":false,"footnotes":""},"class_list":["post-5171","page","type-page","status-publish","hentry"],"acf":[],"yoast_head":"<!-- This site is optimized with the Yoast SEO plugin v20.8 - https:\/\/yoast.com\/wordpress\/plugins\/seo\/ -->\n<title>\u00fcber uns - Foldecor - Nowoczesne akcesoria meblowe<\/title>\n<meta name=\"robots\" content=\"index, follow, max-snippet:-1, max-image-preview:large, max-video-preview:-1\" \/>\n<link rel=\"canonical\" href=\"https:\/\/foldecor.pl\/de\/ueber-uns\/\" \/>\n<meta property=\"og:locale\" content=\"de_DE\" \/>\n<meta property=\"og:type\" content=\"article\" \/>\n<meta property=\"og:title\" content=\"\u00fcber uns - Foldecor - Nowoczesne akcesoria meblowe\" \/>\n<meta property=\"og:url\" content=\"https:\/\/foldecor.pl\/de\/ueber-uns\/\" \/>\n<meta property=\"og:site_name\" content=\"Foldecor - Nowoczesne akcesoria meblowe\" \/>\n<meta property=\"article:modified_time\" content=\"2023-08-09T15:39:58+00:00\" \/>\n<meta name=\"twitter:card\" content=\"summary_large_image\" \/>\n<script type=\"application\/ld+json\" class=\"yoast-schema-graph\">{\"@context\":\"https:\/\/schema.org\",\"@graph\":[{\"@type\":\"WebPage\",\"@id\":\"https:\/\/foldecor.pl\/de\/ueber-uns\/\",\"url\":\"https:\/\/foldecor.pl\/de\/ueber-uns\/\",\"name\":\"\u00fcber uns - Foldecor - Nowoczesne akcesoria meblowe\",\"isPartOf\":{\"@id\":\"https:\/\/foldecor.pl\/#website\"},\"datePublished\":\"2022-12-19T08:23:47+00:00\",\"dateModified\":\"2023-08-09T15:39:58+00:00\",\"breadcrumb\":{\"@id\":\"https:\/\/foldecor.pl\/de\/ueber-uns\/#breadcrumb\"},\"inLanguage\":\"de\",\"potentialAction\":[{\"@type\":\"ReadAction\",\"target\":[\"https:\/\/foldecor.pl\/de\/ueber-uns\/\"]}]},{\"@type\":\"BreadcrumbList\",\"@id\":\"https:\/\/foldecor.pl\/de\/ueber-uns\/#breadcrumb\",\"itemListElement\":[{\"@type\":\"ListItem\",\"position\":1,\"name\":\"Strona g\u0142\u00f3wna\",\"item\":\"https:\/\/foldecor.pl\/de\/\"},{\"@type\":\"ListItem\",\"position\":2,\"name\":\"\u00fcber uns\"}]},{\"@type\":\"WebSite\",\"@id\":\"https:\/\/foldecor.pl\/#website\",\"url\":\"https:\/\/foldecor.pl\/\",\"name\":\"Foldecor - Nowoczesne akcesoria meblowe\",\"description\":\"Produkcja i dystrybucja akcesorii meblowych (za\u015blepki samoprzylepne, podk\u0142adki meblowe, obrze\u017ca)\",\"publisher\":{\"@id\":\"https:\/\/foldecor.pl\/#organization\"},\"potentialAction\":[{\"@type\":\"SearchAction\",\"target\":{\"@type\":\"EntryPoint\",\"urlTemplate\":\"https:\/\/foldecor.pl\/?s={search_term_string}\"},\"query-input\":\"required name=search_term_string\"}],\"inLanguage\":\"de\"},{\"@type\":\"Organization\",\"@id\":\"https:\/\/foldecor.pl\/#organization\",\"name\":\"Foldecor - Nowoczesne akcesoria meblowe\",\"url\":\"https:\/\/foldecor.pl\/\",\"logo\":{\"@type\":\"ImageObject\",\"inLanguage\":\"de\",\"@id\":\"https:\/\/foldecor.pl\/#\/schema\/logo\/image\/\",\"url\":\"https:\/\/foldecor.pl\/wp-content\/uploads\/2022\/12\/logo_576.svg\",\"contentUrl\":\"https:\/\/foldecor.pl\/wp-content\/uploads\/2022\/12\/logo_576.svg\",\"width\":217,\"height\":16,\"caption\":\"Foldecor - Nowoczesne akcesoria meblowe\"},\"image\":{\"@id\":\"https:\/\/foldecor.pl\/#\/schema\/logo\/image\/\"}}]}<\/script>\n<!-- \/ Yoast SEO plugin. -->","yoast_head_json":{"title":"\u00fcber uns - Foldecor - Nowoczesne akcesoria meblowe","robots":{"index":"index","follow":"follow","max-snippet":"max-snippet:-1","max-image-preview":"max-image-preview:large","max-video-preview":"max-video-preview:-1"},"canonical":"https:\/\/foldecor.pl\/de\/ueber-uns\/","og_locale":"de_DE","og_type":"article","og_title":"\u00fcber uns - Foldecor - Nowoczesne akcesoria meblowe","og_url":"https:\/\/foldecor.pl\/de\/ueber-uns\/","og_site_name":"Foldecor - Nowoczesne akcesoria meblowe","article_modified_time":"2023-08-09T15:39:58+00:00","twitter_card":"summary_large_image","schema":{"@context":"https:\/\/schema.org","@graph":[{"@type":"WebPage","@id":"https:\/\/foldecor.pl\/de\/ueber-uns\/","url":"https:\/\/foldecor.pl\/de\/ueber-uns\/","name":"\u00fcber uns - Foldecor - Nowoczesne akcesoria meblowe","isPartOf":{"@id":"https:\/\/foldecor.pl\/#website"},"datePublished":"2022-12-19T08:23:47+00:00","dateModified":"2023-08-09T15:39:58+00:00","breadcrumb":{"@id":"https:\/\/foldecor.pl\/de\/ueber-uns\/#breadcrumb"},"inLanguage":"de","potentialAction":[{"@type":"ReadAction","target":["https:\/\/foldecor.pl\/de\/ueber-uns\/"]}]},{"@type":"BreadcrumbList","@id":"https:\/\/foldecor.pl\/de\/ueber-uns\/#breadcrumb","itemListElement":[{"@type":"ListItem","position":1,"name":"Strona g\u0142\u00f3wna","item":"https:\/\/foldecor.pl\/de\/"},{"@type":"ListItem","position":2,"name":"\u00fcber uns"}]},{"@type":"WebSite","@id":"https:\/\/foldecor.pl\/#website","url":"https:\/\/foldecor.pl\/","name":"Foldecor - Nowoczesne akcesoria meblowe","description":"Produkcja i dystrybucja akcesorii meblowych (za\u015blepki samoprzylepne, podk\u0142adki meblowe, obrze\u017ca)","publisher":{"@id":"https:\/\/foldecor.pl\/#organization"},"potentialAction":[{"@type":"SearchAction","target":{"@type":"EntryPoint","urlTemplate":"https:\/\/foldecor.pl\/?s={search_term_string}"},"query-input":"required name=search_term_string"}],"inLanguage":"de"},{"@type":"Organization","@id":"https:\/\/foldecor.pl\/#organization","name":"Foldecor - Nowoczesne akcesoria meblowe","url":"https:\/\/foldecor.pl\/","logo":{"@type":"ImageObject","inLanguage":"de","@id":"https:\/\/foldecor.pl\/#\/schema\/logo\/image\/","url":"https:\/\/foldecor.pl\/wp-content\/uploads\/2022\/12\/logo_576.svg","contentUrl":"https:\/\/foldecor.pl\/wp-content\/uploads\/2022\/12\/logo_576.svg","width":217,"height":16,"caption":"Foldecor - Nowoczesne akcesoria meblowe"},"image":{"@id":"https:\/\/foldecor.pl\/#\/schema\/logo\/image\/"}}]}},"_links":{"self":[{"href":"https:\/\/foldecor.pl\/de\/wp-json\/wp\/v2\/pages\/5171","targetHints":{"allow":["GET"]}}],"collection":[{"href":"https:\/\/foldecor.pl\/de\/wp-json\/wp\/v2\/pages"}],"about":[{"href":"https:\/\/foldecor.pl\/de\/wp-json\/wp\/v2\/types\/page"}],"author":[{"embeddable":true,"href":"https:\/\/foldecor.pl\/de\/wp-json\/wp\/v2\/users\/1"}],"replies":[{"embeddable":true,"href":"https:\/\/foldecor.pl\/de\/wp-json\/wp\/v2\/comments?post=5171"}],"version-history":[{"count":3,"href":"https:\/\/foldecor.pl\/de\/wp-json\/wp\/v2\/pages\/5171\/revisions"}],"predecessor-version":[{"id":5238,"href":"https:\/\/foldecor.pl\/de\/wp-json\/wp\/v2\/pages\/5171\/revisions\/5238"}],"wp:attachment":[{"href":"https:\/\/foldecor.pl\/de\/wp-json\/wp\/v2\/media?parent=5171"}],"curies":[{"name":"wp","href":"https:\/\/api.w.org\/{rel}","templated":true}]}}